{"id":350,"date":"2023-08-13T01:58:43","date_gmt":"2023-08-12T23:58:43","guid":{"rendered":"https:\/\/www.agcrgym.fr\/?page_id=350"},"modified":"2025-08-06T21:16:31","modified_gmt":"2025-08-06T19:16:31","slug":"groupes-competitifs-informations-tenues-et-deplacements","status":"publish","type":"page","link":"https:\/\/www.agcrgym.fr\/index.php\/groupes-competitifs-informations-tenues-et-deplacements\/","title":{"rendered":"Groupes comp\u00e9titifs : Informations Tenues, D\u00e9placements et Stages"},"content":{"rendered":"\n<p class=\"has-text-align-left has-small-font-size\"><strong>L\u2019inscription dans un groupe comp\u00e9titif<\/strong>, en sus de l\u2019assiduit\u00e9 et de l\u2019engagement que requiert la pratique de la comp\u00e9tition, entraine d\u2019autres frais que le r\u00e8glement de l\u2019adh\u00e9sion&nbsp;; c\u2019est donc \u00e0 prendre en compte au moment de l\u2019inscription.<\/p>\n\n\n\n<p class=\"has-text-align-center has-very-light-gray-color has-text-color has-background\" style=\"background-color:#e18282\">ACHAT DE LA TENUE DE COMPETITON<\/p>\n\n\n\n<p class=\"has-text-align-center has-small-font-size\"><strong>Concerne TOUS LES GROUPES COMPETITIFS et TOUTES LES SECTIONS<\/strong><\/p>\n\n\n\n<ul class=\"wp-block-list\">\n<li>Pour les \u00e9quipes&nbsp;:<strong><span class=\"has-inline-color has-vivid-red-color\"> <em>tenue officielle du club<\/em><\/span><\/strong><\/li>\n\n\n\n<li>Pour les individuels&nbsp;: <strong><span class=\"has-inline-color has-vivid-red-color\"><em>soit tenue du club soit tenue au choix r\u00e9pondant aux normes de la f\u00e9d\u00e9ration<\/em><\/span>&nbsp;<\/strong>(diff\u00e9rence entre la gym et l\u2019a\u00e9robic). Il est donc important de consulter au pr\u00e9alable l\u2019entra\u00eeneur.<\/li>\n<\/ul>\n\n\n\n<ul class=\"wp-block-list\">\n<li>A titre indicatif&nbsp;:<\/li>\n<\/ul>\n\n\n\n<figure class=\"wp-block-image size-large\"><img loading=\"lazy\" decoding=\"async\" width=\"1024\" height=\"340\" src=\"https:\/\/www.agcrgym.fr\/wp-content\/uploads\/2025\/08\/Tenues-de-competition-et-autres-equipements-2-1024x340.png\" alt=\"\" class=\"wp-image-1007\" srcset=\"https:\/\/www.agcrgym.fr\/wp-content\/uploads\/2025\/08\/Tenues-de-competition-et-autres-equipements-2-1024x340.png 1024w, https:\/\/www.agcrgym.fr\/wp-content\/uploads\/2025\/08\/Tenues-de-competition-et-autres-equipements-2-300x100.png 300w, https:\/\/www.agcrgym.fr\/wp-content\/uploads\/2025\/08\/Tenues-de-competition-et-autres-equipements-2-768x255.png 768w, https:\/\/www.agcrgym.fr\/wp-content\/uploads\/2025\/08\/Tenues-de-competition-et-autres-equipements-2-1536x510.png 1536w, https:\/\/www.agcrgym.fr\/wp-content\/uploads\/2025\/08\/Tenues-de-competition-et-autres-equipements-2-2048x680.png 2048w\" sizes=\"auto, (max-width: 706px) 89vw, (max-width: 767px) 82vw, 740px\" \/><\/figure>\n\n\n\n<p class=\"has-small-font-size\">Les tenues, sous r\u00e9serve de stock peuvent \u00e9galement \u00eatre acquises d\u2019occasion.<\/p>\n\n\n\n<p class=\"has-small-font-size\">La tenue des gymnastes pourra \u00eatre compl\u00e9t\u00e9e par d\u2019autres v\u00eatements.<\/p>\n\n\n\n<p><strong><u>Les \u00e9l\u00e9ments ci-dessus constituent le socle de base<\/u><\/strong>.<\/p>\n\n\n\n<p><\/p>\n\n\n\n<p class=\"has-text-align-center has-very-light-gray-color has-text-color has-background\" style=\"background-color:#e88585\">PARTICIPATION AUX FRAIS DE DEPLACEMENTS<\/p>\n\n\n\n<p class=\"has-small-font-size\"><\/p>\n\n\n\n<figure class=\"wp-block-image size-large\"><img loading=\"lazy\" decoding=\"async\" width=\"1024\" height=\"74\" src=\"https:\/\/www.agcrgym.fr\/wp-content\/uploads\/2025\/08\/deplacements-1024x74.png\" alt=\"\" class=\"wp-image-1009\" srcset=\"https:\/\/www.agcrgym.fr\/wp-content\/uploads\/2025\/08\/deplacements-1024x74.png 1024w, https:\/\/www.agcrgym.fr\/wp-content\/uploads\/2025\/08\/deplacements-300x22.png 300w, https:\/\/www.agcrgym.fr\/wp-content\/uploads\/2025\/08\/deplacements-768x55.png 768w, https:\/\/www.agcrgym.fr\/wp-content\/uploads\/2025\/08\/deplacements-1536x111.png 1536w, https:\/\/www.agcrgym.fr\/wp-content\/uploads\/2025\/08\/deplacements-2048x148.png 2048w\" sizes=\"auto, (max-width: 706px) 89vw, (max-width: 767px) 82vw, 740px\" \/><\/figure>\n\n\n\n<p><\/p>\n\n\n\n<p class=\"has-text-align-center has-white-color has-text-color has-background has-link-color wp-elements-1e1309793af61a63b9fd580c87f63901\" style=\"background-color:#f48c8c\">PARTICIPATION AUX STAGES<\/p>\n\n\n\n<figure class=\"wp-block-image size-large\"><img loading=\"lazy\" decoding=\"async\" width=\"1024\" height=\"78\" src=\"https:\/\/www.agcrgym.fr\/wp-content\/uploads\/2025\/08\/Texte-1024x78.png\" alt=\"\" class=\"wp-image-1016\" srcset=\"https:\/\/www.agcrgym.fr\/wp-content\/uploads\/2025\/08\/Texte-1024x78.png 1024w, https:\/\/www.agcrgym.fr\/wp-content\/uploads\/2025\/08\/Texte-300x23.png 300w, https:\/\/www.agcrgym.fr\/wp-content\/uploads\/2025\/08\/Texte-768x58.png 768w, https:\/\/www.agcrgym.fr\/wp-content\/uploads\/2025\/08\/Texte-1536x117.png 1536w, https:\/\/www.agcrgym.fr\/wp-content\/uploads\/2025\/08\/Texte.png 1672w\" sizes=\"auto, (max-width: 706px) 89vw, (max-width: 767px) 82vw, 740px\" \/><\/figure>\n\n\n\n<figure class=\"wp-block-image size-large\"><img loading=\"lazy\" decoding=\"async\" width=\"1024\" height=\"185\" src=\"https:\/\/www.agcrgym.fr\/wp-content\/uploads\/2025\/08\/Stages-1024x185.png\" alt=\"\" class=\"wp-image-1017\" srcset=\"https:\/\/www.agcrgym.fr\/wp-content\/uploads\/2025\/08\/Stages-1024x185.png 1024w, https:\/\/www.agcrgym.fr\/wp-content\/uploads\/2025\/08\/Stages-300x54.png 300w, https:\/\/www.agcrgym.fr\/wp-content\/uploads\/2025\/08\/Stages-768x139.png 768w, https:\/\/www.agcrgym.fr\/wp-content\/uploads\/2025\/08\/Stages-1536x278.png 1536w, https:\/\/www.agcrgym.fr\/wp-content\/uploads\/2025\/08\/Stages-2048x371.png 2048w\" sizes=\"auto, (max-width: 706px) 89vw, (max-width: 767px) 82vw, 740px\" \/><\/figure>\n","protected":false},"excerpt":{"rendered":"<p>L\u2019inscription dans un groupe comp\u00e9titif, en sus de l\u2019assiduit\u00e9 et de l\u2019engagement que requiert la pratique de la comp\u00e9tition, entraine d\u2019autres frais que le r\u00e8glement de l\u2019adh\u00e9sion&nbsp;; c\u2019est donc \u00e0 prendre en compte au moment de l\u2019inscription. ACHAT DE LA TENUE DE COMPETITON Concerne TOUS LES GROUPES COMPETITIFS et TOUTES LES SECTIONS Les tenues, sous &hellip; <\/p>\n<p class=\"link-more\"><a href=\"https:\/\/www.agcrgym.fr\/index.php\/groupes-competitifs-informations-tenues-et-deplacements\/\" class=\"more-link\">Continuer la lecture<span class=\"screen-reader-text\"> de &laquo;&nbsp;Groupes comp\u00e9titifs : Informations Tenues, D\u00e9placements et Stages&nbsp;&raquo;<\/span><\/a><\/p>\n","protected":false},"author":1,"featured_media":0,"parent":0,"menu_order":0,"comment_status":"closed","ping_status":"closed","template":"","meta":{"footnotes":""},"class_list":["post-350","page","type-page","status-publish","hentry"],"yoast_head":"<!-- This site is optimized with the Yoast SEO plugin v23.1 - https:\/\/yoast.com\/wordpress\/plugins\/seo\/ -->\n<title>Groupes comp\u00e9titifs : Informations Tenues, D\u00e9placements et Stages - AGCR Choisy le Roi<\/title>\n<meta name=\"robots\" content=\"index, follow, max-snippet:-1, max-image-preview:large, max-video-preview:-1\" \/>\n<link rel=\"canonical\" href=\"https:\/\/www.agcrgym.fr\/index.php\/groupes-competitifs-informations-tenues-et-deplacements\/\" \/>\n<meta property=\"og:locale\" content=\"fr_FR\" \/>\n<meta property=\"og:type\" content=\"article\" \/>\n<meta property=\"og:title\" content=\"Groupes comp\u00e9titifs : Informations Tenues, D\u00e9placements et Stages - AGCR Choisy le Roi\" \/>\n<meta property=\"og:description\" content=\"L\u2019inscription dans un groupe comp\u00e9titif, en sus de l\u2019assiduit\u00e9 et de l\u2019engagement que requiert la pratique de la comp\u00e9tition, entraine d\u2019autres frais que le r\u00e8glement de l\u2019adh\u00e9sion&nbsp;; c\u2019est donc \u00e0 prendre en compte au moment de l\u2019inscription. ACHAT DE LA TENUE DE COMPETITON Concerne TOUS LES GROUPES COMPETITIFS et TOUTES LES SECTIONS Les tenues, sous &hellip; Continuer la lecture de &laquo;&nbsp;Groupes comp\u00e9titifs : Informations Tenues, D\u00e9placements et Stages&nbsp;&raquo;\" \/>\n<meta property=\"og:url\" content=\"https:\/\/www.agcrgym.fr\/index.php\/groupes-competitifs-informations-tenues-et-deplacements\/\" \/>\n<meta property=\"og:site_name\" content=\"AGCR Choisy le Roi\" \/>\n<meta property=\"article:publisher\" content=\"https:\/\/www.facebook.com\/Association-Gymnique-de-Choisy-le-Roi-AGCR-546686448829363\/\" \/>\n<meta property=\"article:modified_time\" content=\"2025-08-06T19:16:31+00:00\" \/>\n<meta property=\"og:image\" content=\"https:\/\/www.agcrgym.fr\/wp-content\/uploads\/2025\/08\/Tenues-de-competition-et-autres-equipements-2-1024x340.png\" \/>\n<meta name=\"twitter:card\" content=\"summary_large_image\" \/>\n<meta name=\"twitter:label1\" content=\"Dur\u00e9e de lecture estim\u00e9e\" \/>\n\t<meta name=\"twitter:data1\" content=\"2 minutes\" \/>\n<script type=\"application\/ld+json\" class=\"yoast-schema-graph\">{\"@context\":\"https:\/\/schema.org\",\"@graph\":[{\"@type\":\"WebPage\",\"@id\":\"https:\/\/www.agcrgym.fr\/index.php\/groupes-competitifs-informations-tenues-et-deplacements\/\",\"url\":\"https:\/\/www.agcrgym.fr\/index.php\/groupes-competitifs-informations-tenues-et-deplacements\/\",\"name\":\"Groupes comp\u00e9titifs : Informations Tenues, D\u00e9placements et Stages - AGCR Choisy le Roi\",\"isPartOf\":{\"@id\":\"https:\/\/www.agcrgym.fr\/#website\"},\"primaryImageOfPage\":{\"@id\":\"https:\/\/www.agcrgym.fr\/index.php\/groupes-competitifs-informations-tenues-et-deplacements\/#primaryimage\"},\"image\":{\"@id\":\"https:\/\/www.agcrgym.fr\/index.php\/groupes-competitifs-informations-tenues-et-deplacements\/#primaryimage\"},\"thumbnailUrl\":\"https:\/\/www.agcrgym.fr\/wp-content\/uploads\/2025\/08\/Tenues-de-competition-et-autres-equipements-2-1024x340.png\",\"datePublished\":\"2023-08-12T23:58:43+00:00\",\"dateModified\":\"2025-08-06T19:16:31+00:00\",\"breadcrumb\":{\"@id\":\"https:\/\/www.agcrgym.fr\/index.php\/groupes-competitifs-informations-tenues-et-deplacements\/#breadcrumb\"},\"inLanguage\":\"fr-FR\",\"potentialAction\":[{\"@type\":\"ReadAction\",\"target\":[\"https:\/\/www.agcrgym.fr\/index.php\/groupes-competitifs-informations-tenues-et-deplacements\/\"]}]},{\"@type\":\"ImageObject\",\"inLanguage\":\"fr-FR\",\"@id\":\"https:\/\/www.agcrgym.fr\/index.php\/groupes-competitifs-informations-tenues-et-deplacements\/#primaryimage\",\"url\":\"https:\/\/www.agcrgym.fr\/wp-content\/uploads\/2025\/08\/Tenues-de-competition-et-autres-equipements-2.png\",\"contentUrl\":\"https:\/\/www.agcrgym.fr\/wp-content\/uploads\/2025\/08\/Tenues-de-competition-et-autres-equipements-2.png\",\"width\":2125,\"height\":706},{\"@type\":\"BreadcrumbList\",\"@id\":\"https:\/\/www.agcrgym.fr\/index.php\/groupes-competitifs-informations-tenues-et-deplacements\/#breadcrumb\",\"itemListElement\":[{\"@type\":\"ListItem\",\"position\":1,\"name\":\"Accueil\",\"item\":\"https:\/\/www.agcrgym.fr\/\"},{\"@type\":\"ListItem\",\"position\":2,\"name\":\"Groupes comp\u00e9titifs : Informations Tenues, D\u00e9placements et Stages\"}]},{\"@type\":\"WebSite\",\"@id\":\"https:\/\/www.agcrgym.fr\/#website\",\"url\":\"https:\/\/www.agcrgym.fr\/\",\"name\":\"AGCR Choisy le Roi\",\"description\":\"Gymnastique Artistique F\u00e9minine et Masculine - Gymnastique A\u00e9robic - TeamGym\",\"publisher\":{\"@id\":\"https:\/\/www.agcrgym.fr\/#organization\"},\"potentialAction\":[{\"@type\":\"SearchAction\",\"target\":{\"@type\":\"EntryPoint\",\"urlTemplate\":\"https:\/\/www.agcrgym.fr\/?s={search_term_string}\"},\"query-input\":\"required name=search_term_string\"}],\"inLanguage\":\"fr-FR\"},{\"@type\":\"Organization\",\"@id\":\"https:\/\/www.agcrgym.fr\/#organization\",\"name\":\"Association Gymnique de Choisy-le-Roi\",\"url\":\"https:\/\/www.agcrgym.fr\/\",\"logo\":{\"@type\":\"ImageObject\",\"inLanguage\":\"fr-FR\",\"@id\":\"https:\/\/www.agcrgym.fr\/#\/schema\/logo\/image\/\",\"url\":\"https:\/\/www.agcrgym.fr\/wp-content\/uploads\/2020\/05\/logo-AGCR-icone-site.png\",\"contentUrl\":\"https:\/\/www.agcrgym.fr\/wp-content\/uploads\/2020\/05\/logo-AGCR-icone-site.png\",\"width\":1158,\"height\":1659,\"caption\":\"Association Gymnique de Choisy-le-Roi\"},\"image\":{\"@id\":\"https:\/\/www.agcrgym.fr\/#\/schema\/logo\/image\/\"},\"sameAs\":[\"https:\/\/www.facebook.com\/Association-Gymnique-de-Choisy-le-Roi-AGCR-546686448829363\/\"]}]}<\/script>\n<!-- \/ Yoast SEO plugin. -->","yoast_head_json":{"title":"Groupes comp\u00e9titifs : Informations Tenues, D\u00e9placements et Stages - AGCR Choisy le Roi","robots":{"index":"index","follow":"follow","max-snippet":"max-snippet:-1","max-image-preview":"max-image-preview:large","max-video-preview":"max-video-preview:-1"},"canonical":"https:\/\/www.agcrgym.fr\/index.php\/groupes-competitifs-informations-tenues-et-deplacements\/","og_locale":"fr_FR","og_type":"article","og_title":"Groupes comp\u00e9titifs : Informations Tenues, D\u00e9placements et Stages - AGCR Choisy le Roi","og_description":"L\u2019inscription dans un groupe comp\u00e9titif, en sus de l\u2019assiduit\u00e9 et de l\u2019engagement que requiert la pratique de la comp\u00e9tition, entraine d\u2019autres frais que le r\u00e8glement de l\u2019adh\u00e9sion&nbsp;; c\u2019est donc \u00e0 prendre en compte au moment de l\u2019inscription. ACHAT DE LA TENUE DE COMPETITON Concerne TOUS LES GROUPES COMPETITIFS et TOUTES LES SECTIONS Les tenues, sous &hellip; Continuer la lecture de &laquo;&nbsp;Groupes comp\u00e9titifs : Informations Tenues, D\u00e9placements et Stages&nbsp;&raquo;","og_url":"https:\/\/www.agcrgym.fr\/index.php\/groupes-competitifs-informations-tenues-et-deplacements\/","og_site_name":"AGCR Choisy le Roi","article_publisher":"https:\/\/www.facebook.com\/Association-Gymnique-de-Choisy-le-Roi-AGCR-546686448829363\/","article_modified_time":"2025-08-06T19:16:31+00:00","og_image":[{"url":"https:\/\/www.agcrgym.fr\/wp-content\/uploads\/2025\/08\/Tenues-de-competition-et-autres-equipements-2-1024x340.png"}],"twitter_card":"summary_large_image","twitter_misc":{"Dur\u00e9e de lecture estim\u00e9e":"2 minutes"},"schema":{"@context":"https:\/\/schema.org","@graph":[{"@type":"WebPage","@id":"https:\/\/www.agcrgym.fr\/index.php\/groupes-competitifs-informations-tenues-et-deplacements\/","url":"https:\/\/www.agcrgym.fr\/index.php\/groupes-competitifs-informations-tenues-et-deplacements\/","name":"Groupes comp\u00e9titifs : Informations Tenues, D\u00e9placements et Stages - AGCR Choisy le Roi","isPartOf":{"@id":"https:\/\/www.agcrgym.fr\/#website"},"primaryImageOfPage":{"@id":"https:\/\/www.agcrgym.fr\/index.php\/groupes-competitifs-informations-tenues-et-deplacements\/#primaryimage"},"image":{"@id":"https:\/\/www.agcrgym.fr\/index.php\/groupes-competitifs-informations-tenues-et-deplacements\/#primaryimage"},"thumbnailUrl":"https:\/\/www.agcrgym.fr\/wp-content\/uploads\/2025\/08\/Tenues-de-competition-et-autres-equipements-2-1024x340.png","datePublished":"2023-08-12T23:58:43+00:00","dateModified":"2025-08-06T19:16:31+00:00","breadcrumb":{"@id":"https:\/\/www.agcrgym.fr\/index.php\/groupes-competitifs-informations-tenues-et-deplacements\/#breadcrumb"},"inLanguage":"fr-FR","potentialAction":[{"@type":"ReadAction","target":["https:\/\/www.agcrgym.fr\/index.php\/groupes-competitifs-informations-tenues-et-deplacements\/"]}]},{"@type":"ImageObject","inLanguage":"fr-FR","@id":"https:\/\/www.agcrgym.fr\/index.php\/groupes-competitifs-informations-tenues-et-deplacements\/#primaryimage","url":"https:\/\/www.agcrgym.fr\/wp-content\/uploads\/2025\/08\/Tenues-de-competition-et-autres-equipements-2.png","contentUrl":"https:\/\/www.agcrgym.fr\/wp-content\/uploads\/2025\/08\/Tenues-de-competition-et-autres-equipements-2.png","width":2125,"height":706},{"@type":"BreadcrumbList","@id":"https:\/\/www.agcrgym.fr\/index.php\/groupes-competitifs-informations-tenues-et-deplacements\/#breadcrumb","itemListElement":[{"@type":"ListItem","position":1,"name":"Accueil","item":"https:\/\/www.agcrgym.fr\/"},{"@type":"ListItem","position":2,"name":"Groupes comp\u00e9titifs : Informations Tenues, D\u00e9placements et Stages"}]},{"@type":"WebSite","@id":"https:\/\/www.agcrgym.fr\/#website","url":"https:\/\/www.agcrgym.fr\/","name":"AGCR Choisy le Roi","description":"Gymnastique Artistique F\u00e9minine et Masculine - Gymnastique A\u00e9robic - TeamGym","publisher":{"@id":"https:\/\/www.agcrgym.fr\/#organization"},"potentialAction":[{"@type":"SearchAction","target":{"@type":"EntryPoint","urlTemplate":"https:\/\/www.agcrgym.fr\/?s={search_term_string}"},"query-input":"required name=search_term_string"}],"inLanguage":"fr-FR"},{"@type":"Organization","@id":"https:\/\/www.agcrgym.fr\/#organization","name":"Association Gymnique de Choisy-le-Roi","url":"https:\/\/www.agcrgym.fr\/","logo":{"@type":"ImageObject","inLanguage":"fr-FR","@id":"https:\/\/www.agcrgym.fr\/#\/schema\/logo\/image\/","url":"https:\/\/www.agcrgym.fr\/wp-content\/uploads\/2020\/05\/logo-AGCR-icone-site.png","contentUrl":"https:\/\/www.agcrgym.fr\/wp-content\/uploads\/2020\/05\/logo-AGCR-icone-site.png","width":1158,"height":1659,"caption":"Association Gymnique de Choisy-le-Roi"},"image":{"@id":"https:\/\/www.agcrgym.fr\/#\/schema\/logo\/image\/"},"sameAs":["https:\/\/www.facebook.com\/Association-Gymnique-de-Choisy-le-Roi-AGCR-546686448829363\/"]}]}},"_links":{"self":[{"href":"https:\/\/www.agcrgym.fr\/index.php\/wp-json\/wp\/v2\/pages\/350","targetHints":{"allow":["GET"]}}],"collection":[{"href":"https:\/\/www.agcrgym.fr\/index.php\/wp-json\/wp\/v2\/pages"}],"about":[{"href":"https:\/\/www.agcrgym.fr\/index.php\/wp-json\/wp\/v2\/types\/page"}],"author":[{"embeddable":true,"href":"https:\/\/www.agcrgym.fr\/index.php\/wp-json\/wp\/v2\/users\/1"}],"replies":[{"embeddable":true,"href":"https:\/\/www.agcrgym.fr\/index.php\/wp-json\/wp\/v2\/comments?post=350"}],"version-history":[{"count":6,"href":"https:\/\/www.agcrgym.fr\/index.php\/wp-json\/wp\/v2\/pages\/350\/revisions"}],"predecessor-version":[{"id":1019,"href":"https:\/\/www.agcrgym.fr\/index.php\/wp-json\/wp\/v2\/pages\/350\/revisions\/1019"}],"wp:attachment":[{"href":"https:\/\/www.agcrgym.fr\/index.php\/wp-json\/wp\/v2\/media?parent=350"}],"curies":[{"name":"wp","href":"https:\/\/api.w.org\/{rel}","templated":true}]}}