{"id":352,"date":"2023-08-13T01:58:43","date_gmt":"2023-08-12T23:58:43","guid":{"rendered":"https:\/\/www.agcrgym.fr\/?page_id=352"},"modified":"2025-08-06T21:09:02","modified_gmt":"2025-08-06T19:09:02","slug":"nos-tenues-club-et-autres","status":"publish","type":"page","link":"https:\/\/www.agcrgym.fr\/index.php\/nos-tenues-club-et-autres\/","title":{"rendered":"Nos tenues Club et autres"},"content":{"rendered":"\n<p class=\"has-small-font-size\">Si en comp\u00e9tition la tenue uniforme pour toute l\u2019\u00e9quipe est une exigence (GAF, GAM et AERO), il est tol\u00e9r\u00e9 pour les entra\u00eenements une tenue moins \u00abofficielle\u00bb <strong>mais qui doit rester dans tous les cas une tenue adapt\u00e9e \u00e0 la pratique<\/strong>.&nbsp;<\/p>\n\n\n\n<p class=\"has-small-font-size\">Les gymnastes s\u2019entrainent en justaucorps pour les f\u00e9minines et en short et tee-shirt pour les masculins.<\/p>\n\n\n\n<p class=\"has-small-font-size\">Les tenues de type <strong>jogging, tenue de<\/strong> <strong>foot, tutu de danse, jean, sweat \u00e0 capuche, tee-shirt oversize <u>sont \u00e0 proscrire<\/u><\/strong>. A minima, short et\/ou legging + tee-shirts pr\u00eats du corps.<\/p>\n\n\n\n<p class=\"has-small-font-size\">Les bijoux doivent \u00eatre retir\u00e9s \u00e0 l\u2019exception des boucles d\u2019oreilles s\u2019il n\u2019y a pas de risque d\u2019arrachement.<\/p>\n\n\n\n<p class=\"has-small-font-size\">Les chaussettes, notamment \u00e0 la poutre, ne sont pas autoris\u00e9es. Pour les gymnastes qui ne peuvent pas travailler pieds nus, il existe des chaussons adapt\u00e9s \u00e0 la pratique de la gymnastique.<\/p>\n\n\n\n<p class=\"has-small-font-size\">Si les cheveux sont longs, ils doivent \u00eatre correctement attach\u00e9s et fix\u00e9s afin d\u2019\u00e9viter d\u2019avoir \u00e0 se recoiffer r\u00e9guli\u00e8rement pendant la s\u00e9ance ou pendant un mouvement&nbsp;!<\/p>\n\n\n\n<p class=\"has-small-font-size\">Une tenue non adapt\u00e9e \u00e0 la pratique de la gymnastique peut s\u2019av\u00e9rer dangereuse de surcroit.<\/p>\n\n\n\n<p class=\"has-small-font-size\">Aussi, nous tenons \u00e0 disposition et sur demande un stock de tenues d\u2019occasions, qui ne sont plus utilis\u00e9es pour les comp\u00e9titions mais qui peuvent \u00eatre port\u00e9es pour les entrainements, y compris par les gymnastes des groupes loisirs. <\/p>\n\n\n\n<p class=\"has-text-align-center has-very-light-gray-color has-text-color has-background\" style=\"background-color:#e37e7e\">TENUES COMPETITIONS OFFICIELLES<\/p>\n\n\n<div class=\"wp-block-image\">\n<figure class=\"aligncenter size-full\"><img loading=\"lazy\" decoding=\"async\" width=\"546\" height=\"142\" src=\"https:\/\/www.agcrgym.fr\/wp-content\/uploads\/2024\/08\/Tenues-officielles-1.jpg\" alt=\"\" class=\"wp-image-836\" srcset=\"https:\/\/www.agcrgym.fr\/wp-content\/uploads\/2024\/08\/Tenues-officielles-1.jpg 546w, https:\/\/www.agcrgym.fr\/wp-content\/uploads\/2024\/08\/Tenues-officielles-1-300x78.jpg 300w\" sizes=\"auto, (max-width: 546px) 100vw, 546px\" \/><\/figure>\n<\/div>\n\n\n<p class=\"has-text-align-center has-very-light-gray-color has-text-color has-background\" style=\"background-color:#e68181\">ANCIENNES TENUES DE COMPETITIONS NEUVES OU D\u2019OCCASION SELON ETAT<\/p>\n\n\n<div class=\"wp-block-image\">\n<figure class=\"aligncenter size-full\"><img loading=\"lazy\" decoding=\"async\" width=\"547\" height=\"235\" src=\"https:\/\/www.agcrgym.fr\/wp-content\/uploads\/2024\/08\/Tenues-entrainement.jpg\" alt=\"\" class=\"wp-image-837\" srcset=\"https:\/\/www.agcrgym.fr\/wp-content\/uploads\/2024\/08\/Tenues-entrainement.jpg 547w, https:\/\/www.agcrgym.fr\/wp-content\/uploads\/2024\/08\/Tenues-entrainement-300x129.jpg 300w\" sizes=\"auto, (max-width: 547px) 100vw, 547px\" \/><\/figure>\n<\/div>\n\n\n<h2 class=\"wp-block-heading\"><\/h2>\n\n\n\n<p class=\"has-small-font-size\"><strong>Lien Rodjeur : <\/strong><\/p>\n\n\n\n<p><a href=\"http:\/\/www.rodjeur.com\/agcr\/index.php\">http:\/\/www.rodjeur.com\/agcr\/index.php<\/a><\/p>\n\n\n\n<p><\/p>\n","protected":false},"excerpt":{"rendered":"<p>Si en comp\u00e9tition la tenue uniforme pour toute l\u2019\u00e9quipe est une exigence (GAF, GAM et AERO), il est tol\u00e9r\u00e9 pour les entra\u00eenements une tenue moins \u00abofficielle\u00bb mais qui doit rester dans tous les cas une tenue adapt\u00e9e \u00e0 la pratique.&nbsp; Les gymnastes s\u2019entrainent en justaucorps pour les f\u00e9minines et en short et tee-shirt pour les &hellip; <\/p>\n<p class=\"link-more\"><a href=\"https:\/\/www.agcrgym.fr\/index.php\/nos-tenues-club-et-autres\/\" class=\"more-link\">Continuer la lecture<span class=\"screen-reader-text\"> de &laquo;&nbsp;Nos tenues Club et autres&nbsp;&raquo;<\/span><\/a><\/p>\n","protected":false},"author":1,"featured_media":0,"parent":0,"menu_order":0,"comment_status":"closed","ping_status":"closed","template":"","meta":{"footnotes":""},"class_list":["post-352","page","type-page","status-publish","hentry"],"yoast_head":"<!-- This site is optimized with the Yoast SEO plugin v23.1 - https:\/\/yoast.com\/wordpress\/plugins\/seo\/ -->\n<title>Nos tenues Club et autres - AGCR Choisy le Roi<\/title>\n<meta name=\"robots\" content=\"index, follow, max-snippet:-1, max-image-preview:large, max-video-preview:-1\" \/>\n<link rel=\"canonical\" href=\"https:\/\/www.agcrgym.fr\/index.php\/nos-tenues-club-et-autres\/\" \/>\n<meta property=\"og:locale\" content=\"fr_FR\" \/>\n<meta property=\"og:type\" content=\"article\" \/>\n<meta property=\"og:title\" content=\"Nos tenues Club et autres - AGCR Choisy le Roi\" \/>\n<meta property=\"og:description\" content=\"Si en comp\u00e9tition la tenue uniforme pour toute l\u2019\u00e9quipe est une exigence (GAF, GAM et AERO), il est tol\u00e9r\u00e9 pour les entra\u00eenements une tenue moins \u00abofficielle\u00bb mais qui doit rester dans tous les cas une tenue adapt\u00e9e \u00e0 la pratique.&nbsp; Les gymnastes s\u2019entrainent en justaucorps pour les f\u00e9minines et en short et tee-shirt pour les &hellip; Continuer la lecture de &laquo;&nbsp;Nos tenues Club et autres&nbsp;&raquo;\" \/>\n<meta property=\"og:url\" content=\"https:\/\/www.agcrgym.fr\/index.php\/nos-tenues-club-et-autres\/\" \/>\n<meta property=\"og:site_name\" content=\"AGCR Choisy le Roi\" \/>\n<meta property=\"article:publisher\" content=\"https:\/\/www.facebook.com\/Association-Gymnique-de-Choisy-le-Roi-AGCR-546686448829363\/\" \/>\n<meta property=\"article:modified_time\" content=\"2025-08-06T19:09:02+00:00\" \/>\n<meta property=\"og:image\" content=\"https:\/\/www.agcrgym.fr\/wp-content\/uploads\/2024\/08\/Tenues-officielles-1.jpg\" \/>\n<meta name=\"twitter:card\" content=\"summary_large_image\" \/>\n<meta name=\"twitter:label1\" content=\"Dur\u00e9e de lecture estim\u00e9e\" \/>\n\t<meta name=\"twitter:data1\" content=\"2 minutes\" \/>\n<script type=\"application\/ld+json\" class=\"yoast-schema-graph\">{\"@context\":\"https:\/\/schema.org\",\"@graph\":[{\"@type\":\"WebPage\",\"@id\":\"https:\/\/www.agcrgym.fr\/index.php\/nos-tenues-club-et-autres\/\",\"url\":\"https:\/\/www.agcrgym.fr\/index.php\/nos-tenues-club-et-autres\/\",\"name\":\"Nos tenues Club et autres - AGCR Choisy le Roi\",\"isPartOf\":{\"@id\":\"https:\/\/www.agcrgym.fr\/#website\"},\"primaryImageOfPage\":{\"@id\":\"https:\/\/www.agcrgym.fr\/index.php\/nos-tenues-club-et-autres\/#primaryimage\"},\"image\":{\"@id\":\"https:\/\/www.agcrgym.fr\/index.php\/nos-tenues-club-et-autres\/#primaryimage\"},\"thumbnailUrl\":\"https:\/\/www.agcrgym.fr\/wp-content\/uploads\/2024\/08\/Tenues-officielles-1.jpg\",\"datePublished\":\"2023-08-12T23:58:43+00:00\",\"dateModified\":\"2025-08-06T19:09:02+00:00\",\"breadcrumb\":{\"@id\":\"https:\/\/www.agcrgym.fr\/index.php\/nos-tenues-club-et-autres\/#breadcrumb\"},\"inLanguage\":\"fr-FR\",\"potentialAction\":[{\"@type\":\"ReadAction\",\"target\":[\"https:\/\/www.agcrgym.fr\/index.php\/nos-tenues-club-et-autres\/\"]}]},{\"@type\":\"ImageObject\",\"inLanguage\":\"fr-FR\",\"@id\":\"https:\/\/www.agcrgym.fr\/index.php\/nos-tenues-club-et-autres\/#primaryimage\",\"url\":\"https:\/\/www.agcrgym.fr\/wp-content\/uploads\/2024\/08\/Tenues-officielles-1.jpg\",\"contentUrl\":\"https:\/\/www.agcrgym.fr\/wp-content\/uploads\/2024\/08\/Tenues-officielles-1.jpg\",\"width\":546,\"height\":142},{\"@type\":\"BreadcrumbList\",\"@id\":\"https:\/\/www.agcrgym.fr\/index.php\/nos-tenues-club-et-autres\/#breadcrumb\",\"itemListElement\":[{\"@type\":\"ListItem\",\"position\":1,\"name\":\"Accueil\",\"item\":\"https:\/\/www.agcrgym.fr\/\"},{\"@type\":\"ListItem\",\"position\":2,\"name\":\"Nos tenues Club et autres\"}]},{\"@type\":\"WebSite\",\"@id\":\"https:\/\/www.agcrgym.fr\/#website\",\"url\":\"https:\/\/www.agcrgym.fr\/\",\"name\":\"AGCR Choisy le Roi\",\"description\":\"Gymnastique Artistique F\u00e9minine et Masculine - Gymnastique A\u00e9robic - TeamGym\",\"publisher\":{\"@id\":\"https:\/\/www.agcrgym.fr\/#organization\"},\"potentialAction\":[{\"@type\":\"SearchAction\",\"target\":{\"@type\":\"EntryPoint\",\"urlTemplate\":\"https:\/\/www.agcrgym.fr\/?s={search_term_string}\"},\"query-input\":\"required name=search_term_string\"}],\"inLanguage\":\"fr-FR\"},{\"@type\":\"Organization\",\"@id\":\"https:\/\/www.agcrgym.fr\/#organization\",\"name\":\"Association Gymnique de Choisy-le-Roi\",\"url\":\"https:\/\/www.agcrgym.fr\/\",\"logo\":{\"@type\":\"ImageObject\",\"inLanguage\":\"fr-FR\",\"@id\":\"https:\/\/www.agcrgym.fr\/#\/schema\/logo\/image\/\",\"url\":\"https:\/\/www.agcrgym.fr\/wp-content\/uploads\/2020\/05\/logo-AGCR-icone-site.png\",\"contentUrl\":\"https:\/\/www.agcrgym.fr\/wp-content\/uploads\/2020\/05\/logo-AGCR-icone-site.png\",\"width\":1158,\"height\":1659,\"caption\":\"Association Gymnique de Choisy-le-Roi\"},\"image\":{\"@id\":\"https:\/\/www.agcrgym.fr\/#\/schema\/logo\/image\/\"},\"sameAs\":[\"https:\/\/www.facebook.com\/Association-Gymnique-de-Choisy-le-Roi-AGCR-546686448829363\/\"]}]}<\/script>\n<!-- \/ Yoast SEO plugin. -->","yoast_head_json":{"title":"Nos tenues Club et autres - AGCR Choisy le Roi","robots":{"index":"index","follow":"follow","max-snippet":"max-snippet:-1","max-image-preview":"max-image-preview:large","max-video-preview":"max-video-preview:-1"},"canonical":"https:\/\/www.agcrgym.fr\/index.php\/nos-tenues-club-et-autres\/","og_locale":"fr_FR","og_type":"article","og_title":"Nos tenues Club et autres - AGCR Choisy le Roi","og_description":"Si en comp\u00e9tition la tenue uniforme pour toute l\u2019\u00e9quipe est une exigence (GAF, GAM et AERO), il est tol\u00e9r\u00e9 pour les entra\u00eenements une tenue moins \u00abofficielle\u00bb mais qui doit rester dans tous les cas une tenue adapt\u00e9e \u00e0 la pratique.&nbsp; Les gymnastes s\u2019entrainent en justaucorps pour les f\u00e9minines et en short et tee-shirt pour les &hellip; Continuer la lecture de &laquo;&nbsp;Nos tenues Club et autres&nbsp;&raquo;","og_url":"https:\/\/www.agcrgym.fr\/index.php\/nos-tenues-club-et-autres\/","og_site_name":"AGCR Choisy le Roi","article_publisher":"https:\/\/www.facebook.com\/Association-Gymnique-de-Choisy-le-Roi-AGCR-546686448829363\/","article_modified_time":"2025-08-06T19:09:02+00:00","og_image":[{"url":"https:\/\/www.agcrgym.fr\/wp-content\/uploads\/2024\/08\/Tenues-officielles-1.jpg"}],"twitter_card":"summary_large_image","twitter_misc":{"Dur\u00e9e de lecture estim\u00e9e":"2 minutes"},"schema":{"@context":"https:\/\/schema.org","@graph":[{"@type":"WebPage","@id":"https:\/\/www.agcrgym.fr\/index.php\/nos-tenues-club-et-autres\/","url":"https:\/\/www.agcrgym.fr\/index.php\/nos-tenues-club-et-autres\/","name":"Nos tenues Club et autres - AGCR Choisy le Roi","isPartOf":{"@id":"https:\/\/www.agcrgym.fr\/#website"},"primaryImageOfPage":{"@id":"https:\/\/www.agcrgym.fr\/index.php\/nos-tenues-club-et-autres\/#primaryimage"},"image":{"@id":"https:\/\/www.agcrgym.fr\/index.php\/nos-tenues-club-et-autres\/#primaryimage"},"thumbnailUrl":"https:\/\/www.agcrgym.fr\/wp-content\/uploads\/2024\/08\/Tenues-officielles-1.jpg","datePublished":"2023-08-12T23:58:43+00:00","dateModified":"2025-08-06T19:09:02+00:00","breadcrumb":{"@id":"https:\/\/www.agcrgym.fr\/index.php\/nos-tenues-club-et-autres\/#breadcrumb"},"inLanguage":"fr-FR","potentialAction":[{"@type":"ReadAction","target":["https:\/\/www.agcrgym.fr\/index.php\/nos-tenues-club-et-autres\/"]}]},{"@type":"ImageObject","inLanguage":"fr-FR","@id":"https:\/\/www.agcrgym.fr\/index.php\/nos-tenues-club-et-autres\/#primaryimage","url":"https:\/\/www.agcrgym.fr\/wp-content\/uploads\/2024\/08\/Tenues-officielles-1.jpg","contentUrl":"https:\/\/www.agcrgym.fr\/wp-content\/uploads\/2024\/08\/Tenues-officielles-1.jpg","width":546,"height":142},{"@type":"BreadcrumbList","@id":"https:\/\/www.agcrgym.fr\/index.php\/nos-tenues-club-et-autres\/#breadcrumb","itemListElement":[{"@type":"ListItem","position":1,"name":"Accueil","item":"https:\/\/www.agcrgym.fr\/"},{"@type":"ListItem","position":2,"name":"Nos tenues Club et autres"}]},{"@type":"WebSite","@id":"https:\/\/www.agcrgym.fr\/#website","url":"https:\/\/www.agcrgym.fr\/","name":"AGCR Choisy le Roi","description":"Gymnastique Artistique F\u00e9minine et Masculine - Gymnastique A\u00e9robic - TeamGym","publisher":{"@id":"https:\/\/www.agcrgym.fr\/#organization"},"potentialAction":[{"@type":"SearchAction","target":{"@type":"EntryPoint","urlTemplate":"https:\/\/www.agcrgym.fr\/?s={search_term_string}"},"query-input":"required name=search_term_string"}],"inLanguage":"fr-FR"},{"@type":"Organization","@id":"https:\/\/www.agcrgym.fr\/#organization","name":"Association Gymnique de Choisy-le-Roi","url":"https:\/\/www.agcrgym.fr\/","logo":{"@type":"ImageObject","inLanguage":"fr-FR","@id":"https:\/\/www.agcrgym.fr\/#\/schema\/logo\/image\/","url":"https:\/\/www.agcrgym.fr\/wp-content\/uploads\/2020\/05\/logo-AGCR-icone-site.png","contentUrl":"https:\/\/www.agcrgym.fr\/wp-content\/uploads\/2020\/05\/logo-AGCR-icone-site.png","width":1158,"height":1659,"caption":"Association Gymnique de Choisy-le-Roi"},"image":{"@id":"https:\/\/www.agcrgym.fr\/#\/schema\/logo\/image\/"},"sameAs":["https:\/\/www.facebook.com\/Association-Gymnique-de-Choisy-le-Roi-AGCR-546686448829363\/"]}]}},"_links":{"self":[{"href":"https:\/\/www.agcrgym.fr\/index.php\/wp-json\/wp\/v2\/pages\/352","targetHints":{"allow":["GET"]}}],"collection":[{"href":"https:\/\/www.agcrgym.fr\/index.php\/wp-json\/wp\/v2\/pages"}],"about":[{"href":"https:\/\/www.agcrgym.fr\/index.php\/wp-json\/wp\/v2\/types\/page"}],"author":[{"embeddable":true,"href":"https:\/\/www.agcrgym.fr\/index.php\/wp-json\/wp\/v2\/users\/1"}],"replies":[{"embeddable":true,"href":"https:\/\/www.agcrgym.fr\/index.php\/wp-json\/wp\/v2\/comments?post=352"}],"version-history":[{"count":5,"href":"https:\/\/www.agcrgym.fr\/index.php\/wp-json\/wp\/v2\/pages\/352\/revisions"}],"predecessor-version":[{"id":1012,"href":"https:\/\/www.agcrgym.fr\/index.php\/wp-json\/wp\/v2\/pages\/352\/revisions\/1012"}],"wp:attachment":[{"href":"https:\/\/www.agcrgym.fr\/index.php\/wp-json\/wp\/v2\/media?parent=352"}],"curies":[{"name":"wp","href":"https:\/\/api.w.org\/{rel}","templated":true}]}}