{"id":717,"date":"2024-08-08T23:58:27","date_gmt":"2024-08-08T21:58:27","guid":{"rendered":"https:\/\/www.agcrgym.fr\/?page_id=717"},"modified":"2024-08-09T01:06:58","modified_gmt":"2024-08-08T23:06:58","slug":"pre-competitif-et-acces-gym","status":"publish","type":"page","link":"https:\/\/www.agcrgym.fr\/index.php\/pre-competitif-et-acces-gym\/","title":{"rendered":"Pr\u00e9-comp\u00e9titif et Access-Gym (2014 \u00e0 2018)"},"content":{"rendered":"","protected":false},"excerpt":{"rendered":"","protected":false},"author":1,"featured_media":0,"parent":0,"menu_order":0,"comment_status":"closed","ping_status":"closed","template":"","meta":{"footnotes":""},"class_list":["post-717","page","type-page","status-publish","hentry"],"yoast_head":"<!-- This site is optimized with the Yoast SEO plugin v23.1 - https:\/\/yoast.com\/wordpress\/plugins\/seo\/ -->\n<title>Pr\u00e9-comp\u00e9titif et Access-Gym (2014 \u00e0 2018) - AGCR Choisy le Roi<\/title>\n<meta name=\"robots\" content=\"index, follow, max-snippet:-1, max-image-preview:large, max-video-preview:-1\" \/>\n<link rel=\"canonical\" href=\"https:\/\/www.agcrgym.fr\/index.php\/pre-competitif-et-acces-gym\/\" \/>\n<meta property=\"og:locale\" content=\"fr_FR\" \/>\n<meta property=\"og:type\" content=\"article\" \/>\n<meta property=\"og:title\" content=\"Pr\u00e9-comp\u00e9titif et Access-Gym (2014 \u00e0 2018) - AGCR Choisy le Roi\" \/>\n<meta property=\"og:url\" content=\"https:\/\/www.agcrgym.fr\/index.php\/pre-competitif-et-acces-gym\/\" \/>\n<meta property=\"og:site_name\" content=\"AGCR Choisy le Roi\" \/>\n<meta property=\"article:publisher\" content=\"https:\/\/www.facebook.com\/Association-Gymnique-de-Choisy-le-Roi-AGCR-546686448829363\/\" \/>\n<meta property=\"article:modified_time\" content=\"2024-08-08T23:06:58+00:00\" \/>\n<meta name=\"twitter:card\" content=\"summary_large_image\" \/>\n<script type=\"application\/ld+json\" class=\"yoast-schema-graph\">{\"@context\":\"https:\/\/schema.org\",\"@graph\":[{\"@type\":\"WebPage\",\"@id\":\"https:\/\/www.agcrgym.fr\/index.php\/pre-competitif-et-acces-gym\/\",\"url\":\"https:\/\/www.agcrgym.fr\/index.php\/pre-competitif-et-acces-gym\/\",\"name\":\"Pr\u00e9-comp\u00e9titif et Access-Gym (2014 \u00e0 2018) - AGCR Choisy le Roi\",\"isPartOf\":{\"@id\":\"https:\/\/www.agcrgym.fr\/#website\"},\"datePublished\":\"2024-08-08T21:58:27+00:00\",\"dateModified\":\"2024-08-08T23:06:58+00:00\",\"breadcrumb\":{\"@id\":\"https:\/\/www.agcrgym.fr\/index.php\/pre-competitif-et-acces-gym\/#breadcrumb\"},\"inLanguage\":\"fr-FR\",\"potentialAction\":[{\"@type\":\"ReadAction\",\"target\":[\"https:\/\/www.agcrgym.fr\/index.php\/pre-competitif-et-acces-gym\/\"]}]},{\"@type\":\"BreadcrumbList\",\"@id\":\"https:\/\/www.agcrgym.fr\/index.php\/pre-competitif-et-acces-gym\/#breadcrumb\",\"itemListElement\":[{\"@type\":\"ListItem\",\"position\":1,\"name\":\"Accueil\",\"item\":\"https:\/\/www.agcrgym.fr\/\"},{\"@type\":\"ListItem\",\"position\":2,\"name\":\"Pr\u00e9-comp\u00e9titif et Access-Gym (2014 \u00e0 2018)\"}]},{\"@type\":\"WebSite\",\"@id\":\"https:\/\/www.agcrgym.fr\/#website\",\"url\":\"https:\/\/www.agcrgym.fr\/\",\"name\":\"AGCR Choisy le Roi\",\"description\":\"Gymnastique Artistique F\u00e9minine et Masculine - Gymnastique A\u00e9robic - TeamGym\",\"publisher\":{\"@id\":\"https:\/\/www.agcrgym.fr\/#organization\"},\"potentialAction\":[{\"@type\":\"SearchAction\",\"target\":{\"@type\":\"EntryPoint\",\"urlTemplate\":\"https:\/\/www.agcrgym.fr\/?s={search_term_string}\"},\"query-input\":\"required name=search_term_string\"}],\"inLanguage\":\"fr-FR\"},{\"@type\":\"Organization\",\"@id\":\"https:\/\/www.agcrgym.fr\/#organization\",\"name\":\"Association Gymnique de Choisy-le-Roi\",\"url\":\"https:\/\/www.agcrgym.fr\/\",\"logo\":{\"@type\":\"ImageObject\",\"inLanguage\":\"fr-FR\",\"@id\":\"https:\/\/www.agcrgym.fr\/#\/schema\/logo\/image\/\",\"url\":\"https:\/\/www.agcrgym.fr\/wp-content\/uploads\/2020\/05\/logo-AGCR-icone-site.png\",\"contentUrl\":\"https:\/\/www.agcrgym.fr\/wp-content\/uploads\/2020\/05\/logo-AGCR-icone-site.png\",\"width\":1158,\"height\":1659,\"caption\":\"Association Gymnique de Choisy-le-Roi\"},\"image\":{\"@id\":\"https:\/\/www.agcrgym.fr\/#\/schema\/logo\/image\/\"},\"sameAs\":[\"https:\/\/www.facebook.com\/Association-Gymnique-de-Choisy-le-Roi-AGCR-546686448829363\/\"]}]}<\/script>\n<!-- \/ Yoast SEO plugin. -->","yoast_head_json":{"title":"Pr\u00e9-comp\u00e9titif et Access-Gym (2014 \u00e0 2018) - AGCR Choisy le Roi","robots":{"index":"index","follow":"follow","max-snippet":"max-snippet:-1","max-image-preview":"max-image-preview:large","max-video-preview":"max-video-preview:-1"},"canonical":"https:\/\/www.agcrgym.fr\/index.php\/pre-competitif-et-acces-gym\/","og_locale":"fr_FR","og_type":"article","og_title":"Pr\u00e9-comp\u00e9titif et Access-Gym (2014 \u00e0 2018) - AGCR Choisy le Roi","og_url":"https:\/\/www.agcrgym.fr\/index.php\/pre-competitif-et-acces-gym\/","og_site_name":"AGCR Choisy le Roi","article_publisher":"https:\/\/www.facebook.com\/Association-Gymnique-de-Choisy-le-Roi-AGCR-546686448829363\/","article_modified_time":"2024-08-08T23:06:58+00:00","twitter_card":"summary_large_image","schema":{"@context":"https:\/\/schema.org","@graph":[{"@type":"WebPage","@id":"https:\/\/www.agcrgym.fr\/index.php\/pre-competitif-et-acces-gym\/","url":"https:\/\/www.agcrgym.fr\/index.php\/pre-competitif-et-acces-gym\/","name":"Pr\u00e9-comp\u00e9titif et Access-Gym (2014 \u00e0 2018) - AGCR Choisy le Roi","isPartOf":{"@id":"https:\/\/www.agcrgym.fr\/#website"},"datePublished":"2024-08-08T21:58:27+00:00","dateModified":"2024-08-08T23:06:58+00:00","breadcrumb":{"@id":"https:\/\/www.agcrgym.fr\/index.php\/pre-competitif-et-acces-gym\/#breadcrumb"},"inLanguage":"fr-FR","potentialAction":[{"@type":"ReadAction","target":["https:\/\/www.agcrgym.fr\/index.php\/pre-competitif-et-acces-gym\/"]}]},{"@type":"BreadcrumbList","@id":"https:\/\/www.agcrgym.fr\/index.php\/pre-competitif-et-acces-gym\/#breadcrumb","itemListElement":[{"@type":"ListItem","position":1,"name":"Accueil","item":"https:\/\/www.agcrgym.fr\/"},{"@type":"ListItem","position":2,"name":"Pr\u00e9-comp\u00e9titif et Access-Gym (2014 \u00e0 2018)"}]},{"@type":"WebSite","@id":"https:\/\/www.agcrgym.fr\/#website","url":"https:\/\/www.agcrgym.fr\/","name":"AGCR Choisy le Roi","description":"Gymnastique Artistique F\u00e9minine et Masculine - Gymnastique A\u00e9robic - TeamGym","publisher":{"@id":"https:\/\/www.agcrgym.fr\/#organization"},"potentialAction":[{"@type":"SearchAction","target":{"@type":"EntryPoint","urlTemplate":"https:\/\/www.agcrgym.fr\/?s={search_term_string}"},"query-input":"required name=search_term_string"}],"inLanguage":"fr-FR"},{"@type":"Organization","@id":"https:\/\/www.agcrgym.fr\/#organization","name":"Association Gymnique de Choisy-le-Roi","url":"https:\/\/www.agcrgym.fr\/","logo":{"@type":"ImageObject","inLanguage":"fr-FR","@id":"https:\/\/www.agcrgym.fr\/#\/schema\/logo\/image\/","url":"https:\/\/www.agcrgym.fr\/wp-content\/uploads\/2020\/05\/logo-AGCR-icone-site.png","contentUrl":"https:\/\/www.agcrgym.fr\/wp-content\/uploads\/2020\/05\/logo-AGCR-icone-site.png","width":1158,"height":1659,"caption":"Association Gymnique de Choisy-le-Roi"},"image":{"@id":"https:\/\/www.agcrgym.fr\/#\/schema\/logo\/image\/"},"sameAs":["https:\/\/www.facebook.com\/Association-Gymnique-de-Choisy-le-Roi-AGCR-546686448829363\/"]}]}},"_links":{"self":[{"href":"https:\/\/www.agcrgym.fr\/index.php\/wp-json\/wp\/v2\/pages\/717","targetHints":{"allow":["GET"]}}],"collection":[{"href":"https:\/\/www.agcrgym.fr\/index.php\/wp-json\/wp\/v2\/pages"}],"about":[{"href":"https:\/\/www.agcrgym.fr\/index.php\/wp-json\/wp\/v2\/types\/page"}],"author":[{"embeddable":true,"href":"https:\/\/www.agcrgym.fr\/index.php\/wp-json\/wp\/v2\/users\/1"}],"replies":[{"embeddable":true,"href":"https:\/\/www.agcrgym.fr\/index.php\/wp-json\/wp\/v2\/comments?post=717"}],"version-history":[{"count":2,"href":"https:\/\/www.agcrgym.fr\/index.php\/wp-json\/wp\/v2\/pages\/717\/revisions"}],"predecessor-version":[{"id":769,"href":"https:\/\/www.agcrgym.fr\/index.php\/wp-json\/wp\/v2\/pages\/717\/revisions\/769"}],"wp:attachment":[{"href":"https:\/\/www.agcrgym.fr\/index.php\/wp-json\/wp\/v2\/media?parent=717"}],"curies":[{"name":"wp","href":"https:\/\/api.w.org\/{rel}","templated":true}]}}